{"id":177,"date":"2010-09-23T16:08:17","date_gmt":"2010-09-23T16:08:17","guid":{"rendered":"https:\/\/fotosdeelectricidad.es\/?page_id=177"},"modified":"2024-11-17T10:38:15","modified_gmt":"2024-11-17T10:38:15","slug":"software","status":"publish","type":"page","link":"https:\/\/fotosdeelectricidad.es\/?page_id=177","title":{"rendered":"Software de c\u00e1lculo el\u00e9ctrico"},"content":{"rendered":"<p>Programa 1 &#8211; F\u00f3rmulas (C\u00e1lculo de tenses y flechas en l\u00edneas a\u00e9reas de alta y baja tensi\u00f3n). <a href='https:\/\/fotosdeelectricidad.es\/wp-content\/uploads\/2010\/09\/Formulas5.exe'>Formulas<\/a><\/p>\n<p>Programa 2 &#8211; AMIKIT(Dise\u00f1o de CT).Ormazabal<br \/>\n<a href=\"https:\/\/www.ormazabal.com\/es\/descargas\/software\/amikit-50\">https:\/\/www.ormazabal.com\/es\/descargas\/software\/amikit-50<\/a><\/p>\n<p>Programa 3- Andelec (C\u00e1lculo de l\u00edneas de AT). Andelsa<br \/>\n<a href=\"http:\/\/www.andelec.es\/descarga\/\">http:\/\/www.andelec.es\/descarga\/<\/a><\/p>\n<p>Programa 4 &#8211; Imedexsa (C\u00e1lculo de l\u00edneas de AT).<br \/>\n<a href=\"https:\/\/www.imedexsa.es\/descargar-programa-de-calculo-l-a-t\/\">https:\/\/www.imedexsa.es\/descargar-programa-de-calculo-l-a-t\/<\/a><\/p>\n<p>Programa 5. XL PRO^3 Tool (C\u00e1lculo de armarios el\u00e9ctricos). Legrand<br \/>\n<a href=\"https:\/\/www.grupolegrand.es\/XLPRO3Tool\/index.asp\">https:\/\/www.grupolegrand.es\/XLPRO3Tool\/index.asp<\/a><\/p>\n<p>Programa 6. CRP (C\u00e1lculo de bater\u00edas de condensadores). Circutor<\/p>\n<p><a href=\"http:\/\/circutor.es\/es\/productos\/software\/soluciones\/crp-calculo-baterias-de-condensadores#descargar\">http:\/\/circutor.es\/es\/productos\/software\/soluciones\/crp-calculo-baterias-de-condensadores#descargar<\/a><\/p>\n<p>Programa 7- Cable App (C\u00e1lculo de secciones de cables). Prysmian<br \/>\n<a href=\"https:\/\/www.cableapp.com\/WEB\/Search\">https:\/\/www.cableapp.com\/WEB\/Search<\/a><\/p>\n","protected":false},"excerpt":{"rendered":"<p>Programa 1 &#8211; F\u00f3rmulas (C\u00e1lculo de tenses y flechas en l\u00edneas a\u00e9reas de alta y baja tensi\u00f3n). Formulas Programa 2 &#8211; AMIKIT(Dise\u00f1o de CT).Ormazabal https:\/\/www.ormazabal.com\/es\/descargas\/software\/amikit-50 Programa 3- Andelec (C\u00e1lculo de l\u00edneas de AT). Andelsa Programa 4 &#8211; Imedexsa (C\u00e1lculo de l\u00edneas de AT). https:\/\/www.imedexsa.es\/descargar-programa-de-calculo-l-a-t\/ Programa 5. XL PRO^3 Tool (C\u00e1lculo de armarios el\u00e9ctricos). Legrand https:\/\/www.grupolegrand.es\/XLPRO3Tool\/index.asp [&hellip;]<\/p>\n","protected":false},"author":1,"featured_media":0,"parent":0,"menu_order":10,"comment_status":"closed","ping_status":"open","template":"","meta":{"footnotes":""},"class_list":["post-177","page","type-page","status-publish","hentry"],"_links":{"self":[{"href":"https:\/\/fotosdeelectricidad.es\/index.php?rest_route=\/wp\/v2\/pages\/177","targetHints":{"allow":["GET"]}}],"collection":[{"href":"https:\/\/fotosdeelectricidad.es\/index.php?rest_route=\/wp\/v2\/pages"}],"about":[{"href":"https:\/\/fotosdeelectricidad.es\/index.php?rest_route=\/wp\/v2\/types\/page"}],"author":[{"embeddable":true,"href":"https:\/\/fotosdeelectricidad.es\/index.php?rest_route=\/wp\/v2\/users\/1"}],"replies":[{"embeddable":true,"href":"https:\/\/fotosdeelectricidad.es\/index.php?rest_route=%2Fwp%2Fv2%2Fcomments&post=177"}],"version-history":[{"count":372,"href":"https:\/\/fotosdeelectricidad.es\/index.php?rest_route=\/wp\/v2\/pages\/177\/revisions"}],"predecessor-version":[{"id":4424,"href":"https:\/\/fotosdeelectricidad.es\/index.php?rest_route=\/wp\/v2\/pages\/177\/revisions\/4424"}],"wp:attachment":[{"href":"https:\/\/fotosdeelectricidad.es\/index.php?rest_route=%2Fwp%2Fv2%2Fmedia&parent=177"}],"curies":[{"name":"wp","href":"https:\/\/api.w.org\/{rel}","templated":true}]}}