{"id":1774,"date":"2012-09-12T10:56:23","date_gmt":"2012-09-12T10:56:23","guid":{"rendered":"https:\/\/fotosdeelectricidad.es\/?page_id=1774"},"modified":"2022-01-12T18:35:16","modified_gmt":"2022-01-12T18:35:16","slug":"instalaciones-electricas","status":"publish","type":"page","link":"https:\/\/fotosdeelectricidad.es\/?page_id=1774","title":{"rendered":"Instalaciones El\u00e9ctricas"},"content":{"rendered":"<div id=\"wrapinst\">\n<div id=\"contenidodosiz\">\n<div id=\"menudos\">\n<ul class=\"menuinstalaciones\">\n<li><a href=\"https:\/\/fotosdeelectricidad.es\/?page_id=807\">Generalidades<\/a><\/li>\n<li><a href=\"https:\/\/fotosdeelectricidad.es\/?page_id=747\">Alta Tensi\u00f3n<\/a><\/li>\n<li><a href=\"https:\/\/fotosdeelectricidad.es\/?page_id=603\">Baja Tensi\u00f3n<\/a><\/li>\n<li><a href=\"https:\/\/fotosdeelectricidad.es\/?page_id=3946\">Veh\u00edculo El\u00e9ctrico<\/a><\/li>\n<\/ul>\n<\/div>\n<\/div>\n<div id=\"contenidodosderecha\"><img decoding=\"async\" src=\"https:\/\/fotosdeelectricidad.es\/wp-content\/uploads\/2022\/01\/01.jpg\" alt=\"\"><\/div>\n<\/div>\n","protected":false},"excerpt":{"rendered":"<p>Generalidades Alta Tensi\u00f3n Baja Tensi\u00f3n Veh\u00edculo El\u00e9ctrico<\/p>\n","protected":false},"author":1,"featured_media":0,"parent":0,"menu_order":0,"comment_status":"closed","ping_status":"open","template":"","meta":{"footnotes":""},"class_list":["post-1774","page","type-page","status-publish","hentry"],"_links":{"self":[{"href":"https:\/\/fotosdeelectricidad.es\/index.php?rest_route=\/wp\/v2\/pages\/1774","targetHints":{"allow":["GET"]}}],"collection":[{"href":"https:\/\/fotosdeelectricidad.es\/index.php?rest_route=\/wp\/v2\/pages"}],"about":[{"href":"https:\/\/fotosdeelectricidad.es\/index.php?rest_route=\/wp\/v2\/types\/page"}],"author":[{"embeddable":true,"href":"https:\/\/fotosdeelectricidad.es\/index.php?rest_route=\/wp\/v2\/users\/1"}],"replies":[{"embeddable":true,"href":"https:\/\/fotosdeelectricidad.es\/index.php?rest_route=%2Fwp%2Fv2%2Fcomments&post=1774"}],"version-history":[{"count":10,"href":"https:\/\/fotosdeelectricidad.es\/index.php?rest_route=\/wp\/v2\/pages\/1774\/revisions"}],"predecessor-version":[{"id":4472,"href":"https:\/\/fotosdeelectricidad.es\/index.php?rest_route=\/wp\/v2\/pages\/1774\/revisions\/4472"}],"wp:attachment":[{"href":"https:\/\/fotosdeelectricidad.es\/index.php?rest_route=%2Fwp%2Fv2%2Fmedia&parent=1774"}],"curies":[{"name":"wp","href":"https:\/\/api.w.org\/{rel}","templated":true}]}}