{"id":1874,"date":"2012-10-09T08:18:48","date_gmt":"2012-10-09T08:18:48","guid":{"rendered":"https:\/\/fotosdeelectricidad.es\/?page_id=1874"},"modified":"2025-12-23T17:00:00","modified_gmt":"2025-12-23T17:00:00","slug":"videos-energias-renovables","status":"publish","type":"page","link":"https:\/\/fotosdeelectricidad.es\/?page_id=1874","title":{"rendered":"V\u00eddeos Energ\u00edas Renovables"},"content":{"rendered":"<p>V\u00eddeo 1 &#8211; Montaje de un aerogenerador.<br \/>\n<iframe loading=\"lazy\" title=\"The worlds highest wind turbine FL 2500\" width=\"470\" height=\"353\" src=\"https:\/\/www.youtube.com\/embed\/wHVG-ZhuwzM?feature=oembed\" frameborder=\"0\" allow=\"accelerometer; autoplay; clipboard-write; encrypted-media; gyroscope; picture-in-picture; web-share\" referrerpolicy=\"strict-origin-when-cross-origin\" allowfullscreen><\/iframe><br \/>\n<strong><br \/>\nV\u00eddeo 2- CECRE<br \/>\n<iframe loading=\"lazy\" title=\"Cecre: centro de control de energ\u00edas renovables.\" width=\"470\" height=\"353\" src=\"https:\/\/www.youtube.com\/embed\/JO1KOmQz3xM?feature=oembed\" frameborder=\"0\" allow=\"accelerometer; autoplay; clipboard-write; encrypted-media; gyroscope; picture-in-picture; web-share\" referrerpolicy=\"strict-origin-when-cross-origin\" allowfullscreen><\/iframe><br \/>\nV\u00eddeo 3 &#8211; Generaci\u00f3n de energ\u00eda a trav\u00e9s de corrientes marinas<br \/>\n<iframe loading=\"lazy\" title=\"Proyecto Hammerfest\" width=\"470\" height=\"264\" src=\"https:\/\/www.youtube.com\/embed\/WkLQy9qBveE?feature=oembed\" frameborder=\"0\" allow=\"accelerometer; autoplay; clipboard-write; encrypted-media; gyroscope; picture-in-picture; web-share\" referrerpolicy=\"strict-origin-when-cross-origin\" allowfullscreen><\/iframe><br \/>\nV\u00eddeo 4 &#8211; Protecci\u00f3n contra sobretensiones de instalaciones fotovoltaicas. DEHNIB\u00c9RICA<br \/>\n<iframe loading=\"lazy\" title=\"Protecci\u00f3n de instalaciones fotovoltaicas\" width=\"470\" height=\"353\" src=\"https:\/\/www.youtube.com\/embed\/RCCGs2ZKI20?feature=oembed\" frameborder=\"0\" allow=\"accelerometer; autoplay; clipboard-write; encrypted-media; gyroscope; picture-in-picture; web-share\" referrerpolicy=\"strict-origin-when-cross-origin\" allowfullscreen><\/iframe><br \/>\nV\u00eddeo 5 &#8211; Montaje de una instalaci\u00f3n fotovoltaica<br \/>\n<iframe loading=\"lazy\" title=\"MECASOLAR estructuras fijas: Montaje m\u00f3dulos\" width=\"470\" height=\"353\" src=\"https:\/\/www.youtube.com\/embed\/pDxr-6mji4c?list=PL678CA68F7536D5C0\" frameborder=\"0\" allow=\"accelerometer; autoplay; clipboard-write; encrypted-media; gyroscope; picture-in-picture; web-share\" referrerpolicy=\"strict-origin-when-cross-origin\" allowfullscreen><\/iframe><br \/>\nV\u00eddeo 6 &#8211; Red Inteligente (Smart Grid). ABB<br \/>\n<iframe loading=\"lazy\" title=\"ABB Smart Grid - Spanish.mov\" width=\"470\" height=\"264\" src=\"https:\/\/www.youtube.com\/embed\/9Tgcc39sFRQ?feature=oembed\" frameborder=\"0\" allow=\"accelerometer; autoplay; clipboard-write; encrypted-media; gyroscope; picture-in-picture; web-share\" referrerpolicy=\"strict-origin-when-cross-origin\" allowfullscreen><\/iframe><br \/>\nV\u00eddeo 7- Planta termosolar Gemasolar<br \/>\n<iframe loading=\"lazy\" title=\"PLANTA TERMOSOLAR GEMASOLAR - CANAL SUR\" width=\"470\" height=\"264\" src=\"https:\/\/www.youtube.com\/embed\/HhAZOO4K9Y4?feature=oembed\" frameborder=\"0\" allow=\"accelerometer; autoplay; clipboard-write; encrypted-media; gyroscope; picture-in-picture; web-share\" referrerpolicy=\"strict-origin-when-cross-origin\" allowfullscreen><\/iframe><br \/>\nV\u00eddeo 8 &#8211; Microrredes. ISARE microgrid gipuzkoa<br \/>\n<iframe loading=\"lazy\" title=\"iSare Micro-red Gipuzkoa. iSare Mikro-sare Gipuzkoa.\" width=\"470\" height=\"264\" src=\"https:\/\/www.youtube.com\/embed\/5Z-CbiwAo_8?feature=oembed\" frameborder=\"0\" allow=\"accelerometer; autoplay; clipboard-write; encrypted-media; gyroscope; picture-in-picture; web-share\" referrerpolicy=\"strict-origin-when-cross-origin\" allowfullscreen><\/iframe><br \/>\nV\u00eddeo 9 &#8211; Africana Termosolar. Magtel<br \/>\n<iframe loading=\"lazy\" title=\"Africana Termosolar (Magtel)\" width=\"470\" height=\"264\" src=\"https:\/\/www.youtube.com\/embed\/hv_gtsyNbGQ?feature=oembed\" frameborder=\"0\" allow=\"accelerometer; autoplay; clipboard-write; encrypted-media; gyroscope; picture-in-picture; web-share\" referrerpolicy=\"strict-origin-when-cross-origin\" allowfullscreen><\/iframe><br \/>\nV\u00eddeo 10. Central hidroe\u00f3lica de Hierro.<br \/>\n<iframe loading=\"lazy\" title=\"La Central Hidroe\u00f3lica de El Hierro. Gorona del Viento El Hierro.mp4\" width=\"470\" height=\"353\" src=\"https:\/\/www.youtube.com\/embed\/gOPwSP2ifpU?feature=oembed\" frameborder=\"0\" allow=\"accelerometer; autoplay; clipboard-write; encrypted-media; gyroscope; picture-in-picture; web-share\" referrerpolicy=\"strict-origin-when-cross-origin\" allowfullscreen><\/iframe><br \/>\nV\u00eddeo 11. Central el\u00e9ctrica con aerogeneradores volantes.<br \/>\n<iframe loading=\"lazy\" title=\"Makani Crosswind Flight\" width=\"470\" height=\"264\" src=\"https:\/\/www.youtube.com\/embed\/3FapxQuH7ns?feature=oembed\" frameborder=\"0\" allow=\"accelerometer; autoplay; clipboard-write; encrypted-media; gyroscope; picture-in-picture; web-share\" referrerpolicy=\"strict-origin-when-cross-origin\" allowfullscreen><\/iframe><br \/>\nV\u00eddeo 12. Energ\u00eda fotovoltaica flotante<br \/>\n<iframe loading=\"lazy\" title=\"ENERG\u00cdA SOLAR en el MAR | PANELES SOLARES en CHINA\" width=\"470\" height=\"264\" src=\"https:\/\/www.youtube.com\/embed\/CxI9gpx8DL0?feature=oembed\" frameborder=\"0\" allow=\"accelerometer; autoplay; clipboard-write; encrypted-media; gyroscope; picture-in-picture; web-share\" referrerpolicy=\"strict-origin-when-cross-origin\" allowfullscreen><\/iframe><br \/>\nV\u00eddeo 13. Gesti\u00f3n y procedimiento de expedientes de acometidas, autoconsumo en baja y alta tensi\u00f3n y reformas de fincas. Iberdrola<br \/>\n<iframe loading=\"lazy\" title=\"Gesti\u00f3n y procedimiento de expedientes de acometidas, autoconsumo en baja y alta tensi\u00f3n y reformas\" width=\"470\" height=\"264\" src=\"https:\/\/www.youtube.com\/embed\/xbEcAA904GQ?feature=oembed\" frameborder=\"0\" allow=\"accelerometer; autoplay; clipboard-write; encrypted-media; gyroscope; picture-in-picture; web-share\" referrerpolicy=\"strict-origin-when-cross-origin\" allowfullscreen><\/iframe><br \/>\nV\u00eddeo 14. https:\/\/youtu.be\/H4QP1M-NmCw<br \/>\nV\u00eddeo 15. Pintado de palas y vinilado con ojos para protecci\u00f3n avifauna de aerogeneradores. Iberdrola<br \/>\n<iframe loading=\"lazy\" title=\"Iberdrola pinta las palas de negro y vinila ojos en las torres e\u00f3licas para disuadir a las aves\" width=\"470\" height=\"264\" src=\"https:\/\/www.youtube.com\/embed\/hit7Q2M_aHY?feature=oembed\" frameborder=\"0\" allow=\"accelerometer; autoplay; clipboard-write; encrypted-media; gyroscope; picture-in-picture; web-share\" referrerpolicy=\"strict-origin-when-cross-origin\" allowfullscreen><\/iframe><br \/>\nV\u00eddeo 16. Central hidroel\u00e9ctrica de almacenamiento por bombeo de Mant de Drance. Nant de Drance SA<br \/>\nV\u00eddeo 17. Almacenamiento de energia por gravedad<br \/>\n<iframe loading=\"lazy\" title=\"China a la Vanguardia con Bater\u00edas de Gravedad Impulsa las Energ\u00edas Renovables\" width=\"470\" height=\"264\" src=\"https:\/\/www.youtube.com\/embed\/nZSJvrldclE?feature=oembed\" frameborder=\"0\" allow=\"accelerometer; autoplay; clipboard-write; encrypted-media; gyroscope; picture-in-picture; web-share\" referrerpolicy=\"strict-origin-when-cross-origin\" allowfullscreen><\/iframe><br \/>\nV\u00eddeo 18. Central undimotriz. Seabased AB<br \/>\n<iframe loading=\"lazy\" title=\"Seabased animation\" width=\"470\" height=\"353\" src=\"https:\/\/www.youtube.com\/embed\/kPa_FE6D1O8?feature=oembed\" frameborder=\"0\" allow=\"accelerometer; autoplay; clipboard-write; encrypted-media; gyroscope; picture-in-picture; web-share\" referrerpolicy=\"strict-origin-when-cross-origin\" allowfullscreen><\/iframe><br \/>\nV\u00eddeo 19. Sistema BESS para almacenar energ\u00edas renovables. Vector Energy<br \/>\n<iframe loading=\"lazy\" title=\"\u00bfQu\u00e9 quiere decir BESS? Sistema de almacenamiento de energ\u00eda en bater\u00edas explicado paso a paso ??\" width=\"470\" height=\"264\" src=\"https:\/\/www.youtube.com\/embed\/EBTl8CTi6J4?feature=oembed\" frameborder=\"0\" allow=\"accelerometer; autoplay; clipboard-write; encrypted-media; gyroscope; picture-in-picture; web-share\" referrerpolicy=\"strict-origin-when-cross-origin\" allowfullscreen><\/iframe><br \/>\nV\u00eddeo 20. Energ\u00eda e\u00f3lica de gran altitud. China completa prueba de vuelo de cometa para generar energ\u00eda<br \/>\n<iframe loading=\"lazy\" title=\"China completa prueba de vuelo de cometa para generar energ\u00eda\" width=\"470\" height=\"264\" src=\"https:\/\/www.youtube.com\/embed\/Mps3BaQ97qE?feature=oembed\" frameborder=\"0\" allow=\"accelerometer; autoplay; clipboard-write; encrypted-media; gyroscope; picture-in-picture; web-share\" referrerpolicy=\"strict-origin-when-cross-origin\" allowfullscreen><\/iframe><\/p>\n","protected":false},"excerpt":{"rendered":"<p>V\u00eddeo 1 &#8211; Montaje de un aerogenerador. V\u00eddeo 2- CECRE V\u00eddeo 3 &#8211; Generaci\u00f3n de energ\u00eda a trav\u00e9s de corrientes marinas V\u00eddeo 4 &#8211; Protecci\u00f3n contra sobretensiones de instalaciones fotovoltaicas. DEHNIB\u00c9RICA V\u00eddeo 5 &#8211; Montaje de una instalaci\u00f3n fotovoltaica V\u00eddeo 6 &#8211; Red Inteligente (Smart Grid). ABB V\u00eddeo 7- Planta termosolar Gemasolar V\u00eddeo 8 &#8211; [&hellip;]<\/p>\n","protected":false},"author":1,"featured_media":0,"parent":0,"menu_order":0,"comment_status":"closed","ping_status":"open","template":"","meta":{"footnotes":""},"class_list":["post-1874","page","type-page","status-publish","hentry"],"_links":{"self":[{"href":"https:\/\/fotosdeelectricidad.es\/index.php?rest_route=\/wp\/v2\/pages\/1874","targetHints":{"allow":["GET"]}}],"collection":[{"href":"https:\/\/fotosdeelectricidad.es\/index.php?rest_route=\/wp\/v2\/pages"}],"about":[{"href":"https:\/\/fotosdeelectricidad.es\/index.php?rest_route=\/wp\/v2\/types\/page"}],"author":[{"embeddable":true,"href":"https:\/\/fotosdeelectricidad.es\/index.php?rest_route=\/wp\/v2\/users\/1"}],"replies":[{"embeddable":true,"href":"https:\/\/fotosdeelectricidad.es\/index.php?rest_route=%2Fwp%2Fv2%2Fcomments&post=1874"}],"version-history":[{"count":64,"href":"https:\/\/fotosdeelectricidad.es\/index.php?rest_route=\/wp\/v2\/pages\/1874\/revisions"}],"predecessor-version":[{"id":5277,"href":"https:\/\/fotosdeelectricidad.es\/index.php?rest_route=\/wp\/v2\/pages\/1874\/revisions\/5277"}],"wp:attachment":[{"href":"https:\/\/fotosdeelectricidad.es\/index.php?rest_route=%2Fwp%2Fv2%2Fmedia&parent=1874"}],"curies":[{"name":"wp","href":"https:\/\/api.w.org\/{rel}","templated":true}]}}