{"id":1878,"date":"2012-10-09T08:21:02","date_gmt":"2012-10-09T08:21:02","guid":{"rendered":"https:\/\/fotosdeelectricidad.es\/?page_id=1878"},"modified":"2025-12-26T18:18:22","modified_gmt":"2025-12-26T18:18:22","slug":"videos-de-instalaciones-electricas","status":"publish","type":"page","link":"https:\/\/fotosdeelectricidad.es\/?page_id=1878","title":{"rendered":"V\u00eddeos de Instalaciones El\u00e9ctricas"},"content":{"rendered":"<p>V\u00eddeo 1 &#8211; L\u00ednea subterr\u00e1nea de 400 KV<br \/>\n<iframe loading=\"lazy\" title=\"&quot;Plan Barajas&quot;\" width=\"470\" height=\"353\" src=\"https:\/\/www.youtube.com\/embed\/2qTw5CexCpo?feature=oembed\" frameborder=\"0\" allow=\"accelerometer; autoplay; clipboard-write; encrypted-media; gyroscope; picture-in-picture; web-share\" referrerpolicy=\"strict-origin-when-cross-origin\" allowfullscreen><\/iframe><br \/>\nV\u00eddeo 2- Montaje de una l\u00ednea de AT. Zeck<br \/>\n<iframe loading=\"lazy\" title=\"B 1500\/8x2 + SPW 18 | Six-bundle transmission line stringing in South Africa | ZECK\" width=\"470\" height=\"353\" src=\"https:\/\/www.youtube.com\/embed\/UQABO6K09Wg?feature=oembed\" frameborder=\"0\" allow=\"accelerometer; autoplay; clipboard-write; encrypted-media; gyroscope; picture-in-picture; web-share\" referrerpolicy=\"strict-origin-when-cross-origin\" allowfullscreen><\/iframe><br \/>\nV\u00eddeo 3- Montaje de un empalme de media tensi\u00f3n. Prysmian<br \/>\n<iframe loading=\"lazy\" title=\"Demostraci\u00f3n de montaje de un empalme de Media Tensi\u00f3n Prysmian\" width=\"470\" height=\"353\" src=\"https:\/\/www.youtube.com\/embed\/xnQ68qIg3eg?feature=oembed\" frameborder=\"0\" allow=\"accelerometer; autoplay; clipboard-write; encrypted-media; gyroscope; picture-in-picture; web-share\" referrerpolicy=\"strict-origin-when-cross-origin\" allowfullscreen><\/iframe><br \/>\nV\u00eddeo 4 &#8211; Trabajos en tensi\u00f3n. REE<br \/>\n<iframe loading=\"lazy\" title=\"Trabajos en tensi\u00f3n\" width=\"470\" height=\"353\" src=\"https:\/\/www.youtube.com\/embed\/FZn1PrLQB38?feature=oembed\" frameborder=\"0\" allow=\"accelerometer; autoplay; clipboard-write; encrypted-media; gyroscope; picture-in-picture; web-share\" referrerpolicy=\"strict-origin-when-cross-origin\" allowfullscreen><\/iframe><br \/>\nV\u00eddeo 5 &#8211; Funci\u00f3n de un seccionalizador (ABB)<br \/>\n<iframe loading=\"lazy\" title=\"AUTOLINK PART 1 Temporary Fault.mpg\" width=\"470\" height=\"353\" src=\"https:\/\/www.youtube.com\/embed\/HYU06SkOois?feature=oembed\" frameborder=\"0\" allow=\"accelerometer; autoplay; clipboard-write; encrypted-media; gyroscope; picture-in-picture; web-share\" referrerpolicy=\"strict-origin-when-cross-origin\" allowfullscreen><\/iframe><br \/>\nV\u00eddeo 6 &#8211; Cambio de aislador en l\u00ednea de AT<br \/>\n<iframe loading=\"lazy\" title=\"cambio aislador\" width=\"470\" height=\"353\" src=\"https:\/\/www.youtube.com\/embed\/Cx7hQTUYiL8?feature=oembed\" frameborder=\"0\" allow=\"accelerometer; autoplay; clipboard-write; encrypted-media; gyroscope; picture-in-picture; web-share\" referrerpolicy=\"strict-origin-when-cross-origin\" allowfullscreen><\/iframe><br \/>\nV\u00eddeo 7 &#8211; Montaje de cruce de l\u00edneas de AT<br \/>\n<iframe loading=\"lazy\" title=\"Cruce lineas alta tensi\u00f3n Araraquara\" width=\"470\" height=\"264\" src=\"https:\/\/www.youtube.com\/embed\/t9ygh4k8JV4?feature=oembed\" frameborder=\"0\" allow=\"accelerometer; autoplay; clipboard-write; encrypted-media; gyroscope; picture-in-picture; web-share\" referrerpolicy=\"strict-origin-when-cross-origin\" allowfullscreen><\/iframe><br \/>\nV\u00eddeo 8 &#8211; Pruebas en laboratorio de alta tensi\u00f3n de cadenas de aisladores (Laboratorio EGU)<br \/>\n<iframe loading=\"lazy\" title=\"EGU TESTING\" width=\"470\" height=\"264\" src=\"https:\/\/www.youtube.com\/embed\/T9sENlefzFU?feature=oembed\" frameborder=\"0\" allow=\"accelerometer; autoplay; clipboard-write; encrypted-media; gyroscope; picture-in-picture; web-share\" referrerpolicy=\"strict-origin-when-cross-origin\" allowfullscreen><\/iframe><br \/>\nV\u00eddeo 9 &#8211; Montaje de bandejas.CABLOFIL<br \/>\n<iframe loading=\"lazy\" title=\"Escalerilla CABLOFIL\" width=\"470\" height=\"353\" src=\"https:\/\/www.youtube.com\/embed\/GWu-AukZ6Vk?feature=oembed\" frameborder=\"0\" allow=\"accelerometer; autoplay; clipboard-write; encrypted-media; gyroscope; picture-in-picture; web-share\" referrerpolicy=\"strict-origin-when-cross-origin\" allowfullscreen><\/iframe><br \/>\nV\u00eddeo 10 Pruebas en Subestaciones El\u00e9ctricas.<br \/>\n<iframe loading=\"lazy\" title=\"Pruebas de subestaciones el\u00e9ctricas\" width=\"470\" height=\"264\" src=\"https:\/\/www.youtube.com\/embed\/4NbcXyXlv-U?feature=oembed\" frameborder=\"0\" allow=\"accelerometer; autoplay; clipboard-write; encrypted-media; gyroscope; picture-in-picture; web-share\" referrerpolicy=\"strict-origin-when-cross-origin\" allowfullscreen><\/iframe><br \/>\nV\u00eddeo 11 &#8211; Cables aislados hasta 18\/30 kV. Prysmian<br \/>\n<iframe loading=\"lazy\" title=\"RLAT: ITC-LAT 06. Cables aislados hasta 18\/30kV\" width=\"470\" height=\"353\" src=\"https:\/\/www.youtube.com\/embed\/9R5rlHLghV4?feature=oembed\" frameborder=\"0\" allow=\"accelerometer; autoplay; clipboard-write; encrypted-media; gyroscope; picture-in-picture; web-share\" referrerpolicy=\"strict-origin-when-cross-origin\" allowfullscreen><\/iframe><br \/>\nV\u00eddeo 12 &#8211; RBT y cables. Prysmian<br \/>\n<iframe loading=\"lazy\" title=\"Tipos de cable BT\" width=\"470\" height=\"353\" src=\"https:\/\/www.youtube.com\/embed\/sb6tLYjz8UI?feature=oembed\" frameborder=\"0\" allow=\"accelerometer; autoplay; clipboard-write; encrypted-media; gyroscope; picture-in-picture; web-share\" referrerpolicy=\"strict-origin-when-cross-origin\" allowfullscreen><\/iframe><br \/>\nV\u00eddeo 13- Prueba simult\u00e1nea de m\u00faltiples elementos de corte. Omicron<br \/>\n<iframe loading=\"lazy\" title=\"Prueba simult\u00e1nea de m\u00faltiples elementos de corte\" width=\"470\" height=\"264\" src=\"https:\/\/www.youtube.com\/embed\/3Jp5S-FO1E0?feature=oembed\" frameborder=\"0\" allow=\"accelerometer; autoplay; clipboard-write; encrypted-media; gyroscope; picture-in-picture; web-share\" referrerpolicy=\"strict-origin-when-cross-origin\" allowfullscreen><\/iframe><br \/>\nV\u00eddeo 14- Pruebas de interruptores de potencia. Omicron<br \/>\n<iframe loading=\"lazy\" title=\"Pruebas de interruptores de potencia con CIBANO 500\" width=\"470\" height=\"264\" src=\"https:\/\/www.youtube.com\/embed\/8SZ1eQptFWY?feature=oembed\" frameborder=\"0\" allow=\"accelerometer; autoplay; clipboard-write; encrypted-media; gyroscope; picture-in-picture; web-share\" referrerpolicy=\"strict-origin-when-cross-origin\" allowfullscreen><\/iframe><br \/>\nV\u00eddeo 15-Impedancia de tierra.Omicron<br \/>\n<iframe loading=\"lazy\" title=\"Impedancia de tierra\" width=\"470\" height=\"264\" src=\"https:\/\/www.youtube.com\/embed\/mKRa4rbtxtw?feature=oembed\" frameborder=\"0\" allow=\"accelerometer; autoplay; clipboard-write; encrypted-media; gyroscope; picture-in-picture; web-share\" referrerpolicy=\"strict-origin-when-cross-origin\" allowfullscreen><\/iframe><br \/>\nV\u00eddeo 16- Programaci\u00f3n de un rel\u00e9 diferencial. Circutor<br \/>\n<iframe loading=\"lazy\" title=\"Programaci\u00f3n del rel\u00e9 de protecci\u00f3n diferencial RGU-10\" width=\"470\" height=\"264\" src=\"https:\/\/www.youtube.com\/embed\/7PCLmkuGAG4?feature=oembed\" frameborder=\"0\" allow=\"accelerometer; autoplay; clipboard-write; encrypted-media; gyroscope; picture-in-picture; web-share\" referrerpolicy=\"strict-origin-when-cross-origin\" allowfullscreen><\/iframe><br \/>\nV\u00eddeo 17- Celdas de media tensi\u00f3n. Eaton<br \/>\n<iframe loading=\"lazy\" title=\"Eaton Medium Voltage Switchgear   Power Xpert UX\" width=\"470\" height=\"264\" src=\"https:\/\/www.youtube.com\/embed\/oOGocypCLL0?feature=oembed\" frameborder=\"0\" allow=\"accelerometer; autoplay; clipboard-write; encrypted-media; gyroscope; picture-in-picture; web-share\" referrerpolicy=\"strict-origin-when-cross-origin\" allowfullscreen><\/iframe><br \/>\nV\u00eddeo 18- Montaje de una bater\u00eda de condensadores. Circutor<br \/>\n<iframe loading=\"lazy\" title=\"Instalaci\u00f3n de una bater\u00eda de condensadores. Gama OPTIM\" width=\"470\" height=\"264\" src=\"https:\/\/www.youtube.com\/embed\/CCoB3m18h_E?feature=oembed\" frameborder=\"0\" allow=\"accelerometer; autoplay; clipboard-write; encrypted-media; gyroscope; picture-in-picture; web-share\" referrerpolicy=\"strict-origin-when-cross-origin\" allowfullscreen><\/iframe><br \/>\nV\u00eddeo 19- Instalaci\u00f3n de un pararrayos. Ingesco<br \/>\n<iframe loading=\"lazy\" title=\"Instalaci\u00f3n de un pararrayos INGESCO PDC\" width=\"470\" height=\"264\" src=\"https:\/\/www.youtube.com\/embed\/o8gsRNbBgdo?feature=oembed\" frameborder=\"0\" allow=\"accelerometer; autoplay; clipboard-write; encrypted-media; gyroscope; picture-in-picture; web-share\" referrerpolicy=\"strict-origin-when-cross-origin\" allowfullscreen><\/iframe><br \/>\nV\u00eddeo 20- Protecci\u00f3n de la avifauna en redes de MT. Envertec<br \/>\n<iframe loading=\"lazy\" title=\"ENVERTEC_CAON-KORWI _  INSTALACION DE DISPOSITIVOS DE PROTECCION AVIFAUNA\" width=\"470\" height=\"264\" src=\"https:\/\/www.youtube.com\/embed\/0I556s0Gtlk?feature=oembed\" frameborder=\"0\" allow=\"accelerometer; autoplay; clipboard-write; encrypted-media; gyroscope; picture-in-picture; web-share\" referrerpolicy=\"strict-origin-when-cross-origin\" allowfullscreen><\/iframe><br \/>\nV\u00eddeo 21 Montaje de una subestaci\u00f3n el\u00e9ctrica. A.C.G. Ingenier\u00eda<br \/>\n<iframe loading=\"lazy\" title=\"Subestaci\u00f3n El\u00e9ctrica. \u00bfC\u00f3mo se hace?. SE Gij\u00f3n Norte 132 kV. ACG Ingenier\u00eda.\" width=\"470\" height=\"264\" src=\"https:\/\/www.youtube.com\/embed\/M45_DkHyv3Q?feature=oembed\" frameborder=\"0\" allow=\"accelerometer; autoplay; clipboard-write; encrypted-media; gyroscope; picture-in-picture; web-share\" referrerpolicy=\"strict-origin-when-cross-origin\" allowfullscreen><\/iframe><br \/>\nV\u00eddeo 22 &#8211; Cambio de seccionador portafusible de transformador a 33 kV (trabajo en tensi\u00f3n).Edenor<br \/>\n<iframe loading=\"lazy\" title=\"Cambio de seccionador portafusibles de transformador - 33 kV. (Trabajos con Tensi\u00f3n)\" width=\"470\" height=\"353\" src=\"https:\/\/www.youtube.com\/embed\/GmWXCcEdrmI?feature=oembed\" frameborder=\"0\" allow=\"accelerometer; autoplay; clipboard-write; encrypted-media; gyroscope; picture-in-picture; web-share\" referrerpolicy=\"strict-origin-when-cross-origin\" allowfullscreen><\/iframe><br \/>\nV\u00eddeo 23- Sustituci\u00f3n del mando motorizado de un interruptor autom\u00e1tico. ASE<br \/>\n<iframe loading=\"lazy\" title=\"Sustituci\u00f3n del Mando Motorizado del Interruptor IMS.\" width=\"470\" height=\"264\" src=\"https:\/\/www.youtube.com\/embed\/-Pql9nSRBnA?feature=oembed\" frameborder=\"0\" allow=\"accelerometer; autoplay; clipboard-write; encrypted-media; gyroscope; picture-in-picture; web-share\" referrerpolicy=\"strict-origin-when-cross-origin\" allowfullscreen><\/iframe><br \/>\nV\u00eddeo 24- Tendido del cable piloto para el montaje de una l\u00ednea a\u00e9rea de alta tensi\u00f3n desde un helic\u00f3ptero. Zeck<br \/>\n<iframe loading=\"lazy\" title=\"Helicopter Deployment for Pilot Wire Installation in Austria by Alpine Energie\" width=\"470\" height=\"264\" src=\"https:\/\/www.youtube.com\/embed\/L6R8NYyicjY?feature=oembed\" frameborder=\"0\" allow=\"accelerometer; autoplay; clipboard-write; encrypted-media; gyroscope; picture-in-picture; web-share\" referrerpolicy=\"strict-origin-when-cross-origin\" allowfullscreen><\/iframe><br \/>\nV\u00eddeo 25- Instalaci\u00f3n de un cable OPGW con robot en una l\u00ednea a\u00e9rea de alta tensi\u00f3n. Zeck<br \/>\n<iframe loading=\"lazy\" title=\"WB 1500\/4 + LKE 70 | OPGW installation pulling robot | ZECK\" width=\"470\" height=\"353\" src=\"https:\/\/www.youtube.com\/embed\/qipFDw_45Qs?feature=oembed\" frameborder=\"0\" allow=\"accelerometer; autoplay; clipboard-write; encrypted-media; gyroscope; picture-in-picture; web-share\" referrerpolicy=\"strict-origin-when-cross-origin\" allowfullscreen><\/iframe><br \/>\nV\u00eddeo 26- Montaje de una l\u00ednea a\u00e9rea de 400 kV. Zeck<br \/>\n<iframe loading=\"lazy\" title=\"WB 1500\/18 + ST 180 | 400 kv quad bundle stringing between Tavel and Tricastin\/ France | ZECK\" width=\"470\" height=\"353\" src=\"https:\/\/www.youtube.com\/embed\/r5u7fggBSNM?feature=oembed\" frameborder=\"0\" allow=\"accelerometer; autoplay; clipboard-write; encrypted-media; gyroscope; picture-in-picture; web-share\" referrerpolicy=\"strict-origin-when-cross-origin\" allowfullscreen><\/iframe><br \/>\nV\u00eddeo 27- Carro de inspecci\u00f3n de l\u00edneas a\u00e9reas de alta tensi\u00f3n. Zeck<br \/>\n<iframe loading=\"lazy\" title=\"LF 923 | Award-Winning Cable Dolly\/Line Car Honored with Bavarian State Prize in 2005 | ZECK\" width=\"470\" height=\"264\" src=\"https:\/\/www.youtube.com\/embed\/LGRQMaVEsks?feature=oembed\" frameborder=\"0\" allow=\"accelerometer; autoplay; clipboard-write; encrypted-media; gyroscope; picture-in-picture; web-share\" referrerpolicy=\"strict-origin-when-cross-origin\" allowfullscreen><\/iframe><br \/>\nV\u00eddeo 28- Museo de Telefon\u00eda Antigua. Jos\u00e9 V\u00e1zquez Pernas<br \/>\n<iframe loading=\"lazy\" title=\"Museo de Telefon\u00eda Antigua\" width=\"470\" height=\"264\" src=\"https:\/\/www.youtube.com\/embed\/doTXven0t0M?feature=oembed\" frameborder=\"0\" allow=\"accelerometer; autoplay; clipboard-write; encrypted-media; gyroscope; picture-in-picture; web-share\" referrerpolicy=\"strict-origin-when-cross-origin\" allowfullscreen><\/iframe><br \/>\nV\u00eddeo 29- Colocaci\u00f3n de fundas (mallas) de tiro. Copemisac<br \/>\n<iframe loading=\"lazy\" title=\"Colocaci\u00f3n de Fundas\" width=\"470\" height=\"353\" src=\"https:\/\/www.youtube.com\/embed\/dwI5YJEKExY?feature=oembed\" frameborder=\"0\" allow=\"accelerometer; autoplay; clipboard-write; encrypted-media; gyroscope; picture-in-picture; web-share\" referrerpolicy=\"strict-origin-when-cross-origin\" allowfullscreen><\/iframe><br \/>\nV\u00eddeo 30- Empalme de un conductor de una l\u00ednea a\u00e9rea de alta tensi\u00f3n. Zeck<br \/>\n<iframe loading=\"lazy\" title=\"ZECK Hydraulic Press Head - 100 t double acting\" width=\"470\" height=\"264\" src=\"https:\/\/www.youtube.com\/embed\/2ykZuBnCYis?feature=oembed\" frameborder=\"0\" allow=\"accelerometer; autoplay; clipboard-write; encrypted-media; gyroscope; picture-in-picture; web-share\" referrerpolicy=\"strict-origin-when-cross-origin\" allowfullscreen><\/iframe><br \/>\nV\u00eddeo 31- Empalme de un cable de baja tensi\u00f3n.<br \/>\n<iframe loading=\"lazy\" title=\"Empalme cable de baja tensi\u00f3n\" width=\"470\" height=\"264\" src=\"https:\/\/www.youtube.com\/embed\/a8ICIMwB2h4?feature=oembed\" frameborder=\"0\" allow=\"accelerometer; autoplay; clipboard-write; encrypted-media; gyroscope; picture-in-picture; web-share\" referrerpolicy=\"strict-origin-when-cross-origin\" allowfullscreen><\/iframe><br \/>\nV\u00eddeo 32. Tendido de l\u00ednea L220 kV con l\u00edneas en tensi\u00f3n. Grupo Alta Tensi\u00f3n.<br \/>\n<iframe loading=\"lazy\" title=\"brapueCruceTensionv2.wmv\" width=\"470\" height=\"353\" src=\"https:\/\/www.youtube.com\/embed\/LOxDUe5oQdw?feature=oembed\" frameborder=\"0\" allow=\"accelerometer; autoplay; clipboard-write; encrypted-media; gyroscope; picture-in-picture; web-share\" referrerpolicy=\"strict-origin-when-cross-origin\" allowfullscreen><\/iframe><br \/>\nV\u00eddeo 33. Empalme de un conductor tripolar de MT.<br \/>\n<iframe loading=\"lazy\" title=\"Empalme de cables de Alta Tensi\u00f3n\" width=\"470\" height=\"264\" src=\"https:\/\/www.youtube.com\/embed\/KQzj2N8fdvc?feature=oembed\" frameborder=\"0\" allow=\"accelerometer; autoplay; clipboard-write; encrypted-media; gyroscope; picture-in-picture; web-share\" referrerpolicy=\"strict-origin-when-cross-origin\" allowfullscreen><\/iframe><br \/>\nV\u00eddeo 34. Software para pruebas de esquemas de protecci\u00f3n. Omicron<br \/>\n<iframe loading=\"lazy\" title=\"Puesta en servicio eficaz de una protecci\u00f3n de barras\" width=\"470\" height=\"264\" src=\"https:\/\/www.youtube.com\/embed\/GnucziLs1lc?feature=oembed\" frameborder=\"0\" allow=\"accelerometer; autoplay; clipboard-write; encrypted-media; gyroscope; picture-in-picture; web-share\" referrerpolicy=\"strict-origin-when-cross-origin\" allowfullscreen><\/iframe><br \/>\nV\u00eddeo 35. Montaje de una l\u00ednea a\u00e9rea de 500 kV y 1152 km en Brasil. Cobra<br \/>\n<iframe loading=\"lazy\" title=\"COBRA BRASIL - Projeto ARGO I: Linha de Transmiss\u00e3o 500kV Bacabeira-Pec\u00e9m II\" width=\"470\" height=\"264\" src=\"https:\/\/www.youtube.com\/embed\/YflqJju4C-M?feature=oembed\" frameborder=\"0\" allow=\"accelerometer; autoplay; clipboard-write; encrypted-media; gyroscope; picture-in-picture; web-share\" referrerpolicy=\"strict-origin-when-cross-origin\" allowfullscreen><\/iframe><br \/>\nV\u00eddeo 36. Instalaci\u00f3n de un punto de recarga de VE en un edificio comunitario. Circutor<br \/>\n<iframe loading=\"lazy\" title=\"\u00bfC\u00f3mo instalar un punto de recarga en un edificio comunitario?\" width=\"470\" height=\"264\" src=\"https:\/\/www.youtube.com\/embed\/3dDnjbEIqsI?feature=oembed\" frameborder=\"0\" allow=\"accelerometer; autoplay; clipboard-write; encrypted-media; gyroscope; picture-in-picture; web-share\" referrerpolicy=\"strict-origin-when-cross-origin\" allowfullscreen><\/iframe><br \/>\nV\u00eddeo 37. Protector contra sobretensiones permanentes con rearme autom\u00e1tico. Toscano<br \/>\n<iframe loading=\"lazy\" title=\"COMBI PRO - ACTUALIZADO\" width=\"470\" height=\"264\" src=\"https:\/\/www.youtube.com\/embed\/-S33eMWGr2I?feature=oembed\" frameborder=\"0\" allow=\"accelerometer; autoplay; clipboard-write; encrypted-media; gyroscope; picture-in-picture; web-share\" referrerpolicy=\"strict-origin-when-cross-origin\" allowfullscreen><\/iframe><br \/>\nV\u00eddeo 38. Montaje de las dos torres m\u00e1s altas del mundo (385 m) a 500 kV a trav\u00e9s del rio Jangtse (China)<br \/>\n<iframe loading=\"lazy\" title=\"Instalan cables de torres transmisi\u00f3n el\u00e9ctrica m\u00e1s altas del mundo a trav\u00e9s del r\u00edo Yangtse\" width=\"470\" height=\"264\" src=\"https:\/\/www.youtube.com\/embed\/TCLH9tGRl6c?feature=oembed\" frameborder=\"0\" allow=\"accelerometer; autoplay; clipboard-write; encrypted-media; gyroscope; picture-in-picture; web-share\" referrerpolicy=\"strict-origin-when-cross-origin\" allowfullscreen><\/iframe><\/p>\n","protected":false},"excerpt":{"rendered":"<p>V\u00eddeo 1 &#8211; L\u00ednea subterr\u00e1nea de 400 KV V\u00eddeo 2- Montaje de una l\u00ednea de AT. Zeck V\u00eddeo 3- Montaje de un empalme de media tensi\u00f3n. Prysmian V\u00eddeo 4 &#8211; Trabajos en tensi\u00f3n. REE V\u00eddeo 5 &#8211; Funci\u00f3n de un seccionalizador (ABB) V\u00eddeo 6 &#8211; Cambio de aislador en l\u00ednea de AT V\u00eddeo 7 &#8211; [&hellip;]<\/p>\n","protected":false},"author":1,"featured_media":0,"parent":0,"menu_order":0,"comment_status":"closed","ping_status":"open","template":"","meta":{"footnotes":""},"class_list":["post-1878","page","type-page","status-publish","hentry"],"_links":{"self":[{"href":"https:\/\/fotosdeelectricidad.es\/index.php?rest_route=\/wp\/v2\/pages\/1878","targetHints":{"allow":["GET"]}}],"collection":[{"href":"https:\/\/fotosdeelectricidad.es\/index.php?rest_route=\/wp\/v2\/pages"}],"about":[{"href":"https:\/\/fotosdeelectricidad.es\/index.php?rest_route=\/wp\/v2\/types\/page"}],"author":[{"embeddable":true,"href":"https:\/\/fotosdeelectricidad.es\/index.php?rest_route=\/wp\/v2\/users\/1"}],"replies":[{"embeddable":true,"href":"https:\/\/fotosdeelectricidad.es\/index.php?rest_route=%2Fwp%2Fv2%2Fcomments&post=1878"}],"version-history":[{"count":237,"href":"https:\/\/fotosdeelectricidad.es\/index.php?rest_route=\/wp\/v2\/pages\/1878\/revisions"}],"predecessor-version":[{"id":5280,"href":"https:\/\/fotosdeelectricidad.es\/index.php?rest_route=\/wp\/v2\/pages\/1878\/revisions\/5280"}],"wp:attachment":[{"href":"https:\/\/fotosdeelectricidad.es\/index.php?rest_route=%2Fwp%2Fv2%2Fmedia&parent=1878"}],"curies":[{"name":"wp","href":"https:\/\/api.w.org\/{rel}","templated":true}]}}