{"id":1881,"date":"2012-10-09T08:22:16","date_gmt":"2012-10-09T08:22:16","guid":{"rendered":"https:\/\/fotosdeelectricidad.es\/?page_id=1881"},"modified":"2026-01-08T09:55:33","modified_gmt":"2026-01-08T09:55:33","slug":"videos-de-centrales-electricas","status":"publish","type":"page","link":"https:\/\/fotosdeelectricidad.es\/?page_id=1881","title":{"rendered":"V\u00eddeos de Centrales El\u00e9ctricas"},"content":{"rendered":"<p><a href=\"http:\/\/https:\/\/youtu.be\/3-whMxxsZvU\">https:\/\/youtu.be\/3-whMxxsZvU<\/a><strong> V\u00eddeo 1 &#8211; Central hidroel\u00e9ctrica de bombeo. La Muela II. Iberdrola.<br \/>\n<iframe loading=\"lazy\" title=\"La Muela - Construcci\u00f3n de la central hidr\u00e1ulica\" width=\"470\" height=\"353\" src=\"https:\/\/www.youtube.com\/embed\/GLWdWhbEy78?feature=oembed\" frameborder=\"0\" allow=\"accelerometer; autoplay; clipboard-write; encrypted-media; gyroscope; picture-in-picture; web-share\" referrerpolicy=\"strict-origin-when-cross-origin\" allowfullscreen><\/iframe><br \/>\nV\u00eddeo 2 &#8211; Central undimotriz de Mutriku<br \/>\n<iframe loading=\"lazy\" title=\"Mutriku, primera planta europea que suministra energ\u00eda a trav\u00e9s de las olas.wmv\" width=\"470\" height=\"264\" src=\"https:\/\/www.youtube.com\/embed\/c8Lwrx9twkQ?feature=oembed\" frameborder=\"0\" allow=\"accelerometer; autoplay; clipboard-write; encrypted-media; gyroscope; picture-in-picture; web-share\" referrerpolicy=\"strict-origin-when-cross-origin\" allowfullscreen><\/iframe><br \/>\nV\u00eddeo 3 &#8211; Central hidroel\u00e9ctrica \u00aba filo de agua\u00bb. Isagen<br \/>\n<iframe loading=\"lazy\" title=\"Caracter\u00edsticas de la Central Hidroel\u00e9ctrica R\u00edo Amoy\u00e1, La Esperanza\" width=\"470\" height=\"264\" src=\"https:\/\/www.youtube.com\/embed\/Edix_c0QZZs?feature=oembed\" frameborder=\"0\" allow=\"accelerometer; autoplay; clipboard-write; encrypted-media; gyroscope; picture-in-picture; web-share\" referrerpolicy=\"strict-origin-when-cross-origin\" allowfullscreen><\/iframe><br \/>\nV\u00eddeo 4 &#8211; Complejo hidroel\u00e9ctrico del T\u00e1mega (Portugal)<br \/>\n<iframe loading=\"lazy\" title=\"Proyecto T\u00e2mega\" width=\"470\" height=\"264\" src=\"https:\/\/www.youtube.com\/embed\/3-whMxxsZvU?feature=oembed\" frameborder=\"0\" allow=\"accelerometer; autoplay; clipboard-write; encrypted-media; gyroscope; picture-in-picture; web-share\" referrerpolicy=\"strict-origin-when-cross-origin\" allowfullscreen><\/iframe><br \/>\nV\u00eddeo 5 &#8211; Centrales t\u00e9rmicas de biomasa. Renovetec<br \/>\n<iframe loading=\"lazy\" title=\"CENTRALES T\u00c9RMICAS DE BIOMASA\" width=\"470\" height=\"264\" src=\"https:\/\/www.youtube.com\/embed\/McOG6NmMn20?feature=oembed\" frameborder=\"0\" allow=\"accelerometer; autoplay; clipboard-write; encrypted-media; gyroscope; picture-in-picture; web-share\" referrerpolicy=\"strict-origin-when-cross-origin\" allowfullscreen><\/iframe><br \/>\nV\u00eddeo 6: Central el\u00e1ctrica nuclear a base de Torio. China<br \/>\n<iframe loading=\"lazy\" title=\"China Descubre Algo Bajo La Arena Que Cambiar\u00e1 El Mundo? Construir\u00e1 Un Reactor Nuclear De Torio\" width=\"470\" height=\"264\" src=\"https:\/\/www.youtube.com\/embed\/dYcslM6LRuc?start=3&#038;feature=oembed\" frameborder=\"0\" allow=\"accelerometer; autoplay; clipboard-write; encrypted-media; gyroscope; picture-in-picture; web-share\" referrerpolicy=\"strict-origin-when-cross-origin\" allowfullscreen><\/iframe><\/p>\n","protected":false},"excerpt":{"rendered":"<p>https:\/\/youtu.be\/3-whMxxsZvU V\u00eddeo 1 &#8211; Central hidroel\u00e9ctrica de bombeo. La Muela II. Iberdrola. V\u00eddeo 2 &#8211; Central undimotriz de Mutriku V\u00eddeo 3 &#8211; Central hidroel\u00e9ctrica \u00aba filo de agua\u00bb. Isagen V\u00eddeo 4 &#8211; Complejo hidroel\u00e9ctrico del T\u00e1mega (Portugal) V\u00eddeo 5 &#8211; Centrales t\u00e9rmicas de biomasa. Renovetec V\u00eddeo 6: Central el\u00e1ctrica nuclear a base de Torio. China<\/p>\n","protected":false},"author":1,"featured_media":0,"parent":0,"menu_order":0,"comment_status":"closed","ping_status":"open","template":"","meta":{"footnotes":""},"class_list":["post-1881","page","type-page","status-publish","hentry"],"_links":{"self":[{"href":"https:\/\/fotosdeelectricidad.es\/index.php?rest_route=\/wp\/v2\/pages\/1881","targetHints":{"allow":["GET"]}}],"collection":[{"href":"https:\/\/fotosdeelectricidad.es\/index.php?rest_route=\/wp\/v2\/pages"}],"about":[{"href":"https:\/\/fotosdeelectricidad.es\/index.php?rest_route=\/wp\/v2\/types\/page"}],"author":[{"embeddable":true,"href":"https:\/\/fotosdeelectricidad.es\/index.php?rest_route=\/wp\/v2\/users\/1"}],"replies":[{"embeddable":true,"href":"https:\/\/fotosdeelectricidad.es\/index.php?rest_route=%2Fwp%2Fv2%2Fcomments&post=1881"}],"version-history":[{"count":41,"href":"https:\/\/fotosdeelectricidad.es\/index.php?rest_route=\/wp\/v2\/pages\/1881\/revisions"}],"predecessor-version":[{"id":5306,"href":"https:\/\/fotosdeelectricidad.es\/index.php?rest_route=\/wp\/v2\/pages\/1881\/revisions\/5306"}],"wp:attachment":[{"href":"https:\/\/fotosdeelectricidad.es\/index.php?rest_route=%2Fwp%2Fv2%2Fmedia&parent=1881"}],"curies":[{"name":"wp","href":"https:\/\/api.w.org\/{rel}","templated":true}]}}