{"id":603,"date":"2011-01-04T09:49:50","date_gmt":"2011-01-04T09:49:50","guid":{"rendered":"https:\/\/fotosdeelectricidad.es\/?page_id=603"},"modified":"2025-02-25T18:26:55","modified_gmt":"2025-02-25T18:26:55","slug":"baja-tension-2","status":"publish","type":"page","link":"https:\/\/fotosdeelectricidad.es\/?page_id=603","title":{"rendered":"Instalaciones el\u00e9ctricas de BT"},"content":{"rendered":"<p><a href='https:\/\/fotosdeelectricidad.es\/wp-content\/uploads\/2011\/01\/Baja-tensi\u00f3n-I-2012-022.zip'>BAJA TENSI\u00d3N I (2012 &#8211; 02)<\/a><\/p>\n<p><a href='https:\/\/fotosdeelectricidad.es\/wp-content\/uploads\/2011\/01\/Baja-tensi\u00f3n-II-2012-022.zip'>BAJA TENSI\u00d3N II (2012 &#8211; 02)<\/a><\/p>\n<p><a href='https:\/\/fotosdeelectricidad.es\/wp-content\/uploads\/2011\/01\/Baja-tensi\u00f3n-III-2012-012.zip'>BAJA TENSI\u00d3N III (2012 -01)<\/a><\/p>\n<p><a href='https:\/\/fotosdeelectricidad.es\/wp-content\/uploads\/2011\/01\/Baja-tensi\u00f3n-IV-2012-092.zip'>BAJA TENSI\u00d3N IV (2012 &#8211; 09)<\/a><\/p>\n<p><a href='https:\/\/fotosdeelectricidad.es\/wp-content\/uploads\/2011\/01\/Baja-tensi\u00f3n-V-2014-09.rar'>BAJA TENSI\u00d3N V (2014 &#8211; 09)<\/a><\/p>\n<p><a href='https:\/\/fotosdeelectricidad.es\/wp-content\/uploads\/2011\/01\/Baja-tensi\u00f3n-VI-2016-06.zip'>BAJA TENSI\u00d3N VI (2016 &#8211; 06)<\/a><\/p>\n<p><a href=\"https:\/\/fotosdeelectricidad.es\/wp-content\/uploads\/2021\/12\/Baja-tension-VII-2018-07.zip\">BAJA TENSI\u00d3N VII (2018 &#8211; 07)<\/a><\/p>\n<p><a href=\"https:\/\/fotosdeelectricidad.es\/wp-content\/uploads\/2025\/02\/Baja-tension-VIII-2025-03.zip\">BAJA TENSI\u00d3N VIII ( 2025 &#8211; 03)<\/a><\/p>\n<p><a href='https:\/\/fotosdeelectricidad.es\/wp-content\/uploads\/2011\/01\/Esquema-gen\u00e9rico-de-red-subterr\u00e1nea-de-BT.zip'>ESQUEMA GEN\u00c9RICO DE RED SUBTERR\u00c1NEA DE BT (2013 &#8211; 09)<\/a><\/p>\n","protected":false},"excerpt":{"rendered":"<p>BAJA TENSI\u00d3N I (2012 &#8211; 02) BAJA TENSI\u00d3N II (2012 &#8211; 02) BAJA TENSI\u00d3N III (2012 -01) BAJA TENSI\u00d3N IV (2012 &#8211; 09) BAJA TENSI\u00d3N V (2014 &#8211; 09) BAJA TENSI\u00d3N VI (2016 &#8211; 06) BAJA TENSI\u00d3N VII (2018 &#8211; 07) BAJA TENSI\u00d3N VIII ( 2025 &#8211; 03) ESQUEMA GEN\u00c9RICO DE RED SUBTERR\u00c1NEA DE BT [&hellip;]<\/p>\n","protected":false},"author":1,"featured_media":0,"parent":0,"menu_order":7,"comment_status":"closed","ping_status":"open","template":"","meta":{"footnotes":""},"class_list":["post-603","page","type-page","status-publish","hentry"],"_links":{"self":[{"href":"https:\/\/fotosdeelectricidad.es\/index.php?rest_route=\/wp\/v2\/pages\/603","targetHints":{"allow":["GET"]}}],"collection":[{"href":"https:\/\/fotosdeelectricidad.es\/index.php?rest_route=\/wp\/v2\/pages"}],"about":[{"href":"https:\/\/fotosdeelectricidad.es\/index.php?rest_route=\/wp\/v2\/types\/page"}],"author":[{"embeddable":true,"href":"https:\/\/fotosdeelectricidad.es\/index.php?rest_route=\/wp\/v2\/users\/1"}],"replies":[{"embeddable":true,"href":"https:\/\/fotosdeelectricidad.es\/index.php?rest_route=%2Fwp%2Fv2%2Fcomments&post=603"}],"version-history":[{"count":156,"href":"https:\/\/fotosdeelectricidad.es\/index.php?rest_route=\/wp\/v2\/pages\/603\/revisions"}],"predecessor-version":[{"id":4940,"href":"https:\/\/fotosdeelectricidad.es\/index.php?rest_route=\/wp\/v2\/pages\/603\/revisions\/4940"}],"wp:attachment":[{"href":"https:\/\/fotosdeelectricidad.es\/index.php?rest_route=%2Fwp%2Fv2%2Fmedia&parent=603"}],"curies":[{"name":"wp","href":"https:\/\/api.w.org\/{rel}","templated":true}]}}