{"id":608,"date":"2011-01-04T09:50:57","date_gmt":"2011-01-04T09:50:57","guid":{"rendered":"https:\/\/fotosdeelectricidad.es\/?page_id=608"},"modified":"2026-04-29T10:54:55","modified_gmt":"2026-04-29T10:54:55","slug":"renovables","status":"publish","type":"page","link":"https:\/\/fotosdeelectricidad.es\/?page_id=608","title":{"rendered":"Energ\u00edas Renovables"},"content":{"rendered":"<p><a href='https:\/\/fotosdeelectricidad.es\/wp-content\/uploads\/2011\/01\/Energ\u00edas-renovables-I-2012-111.zip'>ENERG\u00cdAS RENOVABLES I (2012 &#8211; 01)<\/a><\/p>\n<p><a href='https:\/\/fotosdeelectricidad.es\/wp-content\/uploads\/2011\/01\/Energ\u00edas-renovables-II-2012-023.zip'>ENERG\u00cdAS RENOVABLES II (2012 &#8211; 02)<\/a><\/p>\n<p><a href='https:\/\/fotosdeelectricidad.es\/wp-content\/uploads\/2011\/01\/Energ\u00edas-renovables-III-2012-042.zip'>ENERG\u00cdAS RENOVABLES III (2012 &#8211; 04)<\/a><\/p>\n<p><a href='https:\/\/fotosdeelectricidad.es\/wp-content\/uploads\/2011\/01\/Energ\u00edas-renovables-IV-2012-094.zip'>ENERG\u00cdAS RENOVABLES IV (2012 &#8211; 09)<\/a><\/p>\n<p><a href=\"https:\/\/fotosdeelectricidad.es\/wp-content\/uploads\/2022\/08\/Energias-renovables-V-2013-09.zip\">ENERG\u00cdAS RENOVABLES V (2013 &#8211; 09)<\/a><\/p>\n<p><a href='https:\/\/fotosdeelectricidad.es\/wp-content\/uploads\/2011\/01\/Energ\u00edas-renovables-VI-2017-01.rar'>ENERG\u00cdAS RENOVABLES VI (2017 &#8211; 01)<\/a><\/p>\n<p><a href=\"https:\/\/fotosdeelectricidad.es\/wp-content\/uploads\/2020\/07\/Energ\u00edas-renovables-VII-2020-08.zip\">ENERG\u00cdAS RENOVABLES VII (2020-08)<\/a><\/p>\n<p><a href=\"https:\/\/fotosdeelectricidad.es\/wp-content\/uploads\/2021\/04\/Energias-renovables-VIII-2021-03.zip\">ENERG\u00cdAS RENOVABLES VIII (2021-03)<\/a><\/p>\n<p><a href=\"https:\/\/fotosdeelectricidad.es\/wp-content\/uploads\/2022\/08\/Energias-renovables-IX-2022-05.zip\">ENERG\u00cdAS RENOVABLES IX (2022 &#8211; 05)<\/a><\/p>\n<p><a href=\"https:\/\/fotosdeelectricidad.es\/wp-content\/uploads\/2022\/12\/Energias-renovables-X-2023-01.zip\">ENERG\u00cdAS RENOVABLES X (2023-01)<\/a><\/p>\n<p><a href=\"https:\/\/fotosdeelectricidad.es\/wp-content\/uploads\/2024\/03\/Energias-renovables-XI-2024-04.zip\">ENERG\u00cdAS RENOVABLES XI (2024- 04)<\/a><\/p>\n<p><a href=\"https:\/\/fotosdeelectricidad.es\/wp-content\/uploads\/2024\/10\/Energias-renovables-XII-2024-12-1.zip\">ENERG\u00cdAS RENOVABLES XII (2024 &#8211; 12)<\/a><\/p>\n<p><a href=\"https:\/\/fotosdeelectricidad.es\/wp-content\/uploads\/2026\/04\/Energias-renovables-XIII-2026-05.zip\">ENERG\u00cdAS RENOVABLES XIII (2026-05)<\/a><\/p>\n<div id=\"contenidodosderecha\"><img decoding=\"async\" src=\"https:\/\/fotosdeelectricidad.es\/wp-content\/uploads\/2022\/01\/02.jpg\" alt=\"\"><\/div>\n","protected":false},"excerpt":{"rendered":"<p>ENERG\u00cdAS RENOVABLES I (2012 &#8211; 01) ENERG\u00cdAS RENOVABLES II (2012 &#8211; 02) ENERG\u00cdAS RENOVABLES III (2012 &#8211; 04) ENERG\u00cdAS RENOVABLES IV (2012 &#8211; 09) ENERG\u00cdAS RENOVABLES V (2013 &#8211; 09) ENERG\u00cdAS RENOVABLES VI (2017 &#8211; 01) ENERG\u00cdAS RENOVABLES VII (2020-08) ENERG\u00cdAS RENOVABLES VIII (2021-03) ENERG\u00cdAS RENOVABLES IX (2022 &#8211; 05) ENERG\u00cdAS RENOVABLES X (2023-01) ENERG\u00cdAS [&hellip;]<\/p>\n","protected":false},"author":1,"featured_media":0,"parent":0,"menu_order":8,"comment_status":"closed","ping_status":"open","template":"","meta":{"footnotes":""},"class_list":["post-608","page","type-page","status-publish","hentry"],"_links":{"self":[{"href":"https:\/\/fotosdeelectricidad.es\/index.php?rest_route=\/wp\/v2\/pages\/608","targetHints":{"allow":["GET"]}}],"collection":[{"href":"https:\/\/fotosdeelectricidad.es\/index.php?rest_route=\/wp\/v2\/pages"}],"about":[{"href":"https:\/\/fotosdeelectricidad.es\/index.php?rest_route=\/wp\/v2\/types\/page"}],"author":[{"embeddable":true,"href":"https:\/\/fotosdeelectricidad.es\/index.php?rest_route=\/wp\/v2\/users\/1"}],"replies":[{"embeddable":true,"href":"https:\/\/fotosdeelectricidad.es\/index.php?rest_route=%2Fwp%2Fv2%2Fcomments&post=608"}],"version-history":[{"count":183,"href":"https:\/\/fotosdeelectricidad.es\/index.php?rest_route=\/wp\/v2\/pages\/608\/revisions"}],"predecessor-version":[{"id":5462,"href":"https:\/\/fotosdeelectricidad.es\/index.php?rest_route=\/wp\/v2\/pages\/608\/revisions\/5462"}],"wp:attachment":[{"href":"https:\/\/fotosdeelectricidad.es\/index.php?rest_route=%2Fwp%2Fv2%2Fmedia&parent=608"}],"curies":[{"name":"wp","href":"https:\/\/api.w.org\/{rel}","templated":true}]}}