{"id":747,"date":"2011-05-31T10:01:58","date_gmt":"2011-05-31T10:01:58","guid":{"rendered":"https:\/\/fotosdeelectricidad.es\/?page_id=747"},"modified":"2026-04-22T08:37:02","modified_gmt":"2026-04-22T08:37:02","slug":"instalaciones-de-at","status":"publish","type":"page","link":"https:\/\/fotosdeelectricidad.es\/?page_id=747","title":{"rendered":"Instalaciones el\u00e9ctricas de AT"},"content":{"rendered":"<hr\/>\n<h1>Centrales el\u00e9ctricas<\/h1>\n<p><a href='https:\/\/fotosdeelectricidad.es\/wp-content\/uploads\/2011\/05\/Centrales-el\u00e9ctricas-I-2013-022.zip'>CENTRALES EL\u00c9CTRICAS I (2013 &#8211; 02)<\/a><\/p>\n<p><a href='https:\/\/fotosdeelectricidad.es\/wp-content\/uploads\/2011\/05\/Centrales-el\u00e9ctricas-II-2013-022.zip'>CENTRALES EL\u00c9CTRICAS II (2013 &#8211; 02)<\/a><\/p>\n<p><a href='https:\/\/fotosdeelectricidad.es\/wp-content\/uploads\/2011\/05\/Centrales-el\u00e9ctricas-III-2014-071.zip'>CENTRALES EL\u00c9CTRICAS III (2014 &#8211; 07)<\/a><\/p>\n<p><a href=\"https:\/\/fotosdeelectricidad.es\/wp-content\/uploads\/2022\/02\/Centrales-electricas-IV-2015-06.zip\">CENTRALES EL\u00c9CTRICAS IV (2015 &#8211; 06)<\/a><\/p>\n<p><a href='https:\/\/fotosdeelectricidad.es\/wp-content\/uploads\/2011\/05\/Centrales-el\u00e9ctricas-V-2016-10.zip'>CENTRALES EL\u00c9CTRICAS V (2016 &#8211; 10)<\/a><\/p>\n<p><a href=\"https:\/\/fotosdeelectricidad.es\/wp-content\/uploads\/2022\/02\/Centrales-electricas-VI-2022-04.zip\">CENTRALES EL\u00c9CTRICAS VI (2022 &#8211; 04)<\/a><\/p>\n<p><a href=\"https:\/\/fotosdeelectricidad.es\/wp-content\/uploads\/2024\/09\/Centrales-electricas-VII-2024-10.zip\">CENTRALES EL\u00c9CTRICAS VII (2024 &#8211; 10)<\/a><\/p>\n<h1>Subestaciones el\u00e9ctricas<\/h1>\n<p><a href=\"https:\/\/fotosdeelectricidad.es\/wp-content\/uploads\/2023\/12\/Subestaciones-I-2012-11.zip\">SUBESTACIONES I (2012 &#8211; 11)<\/a><\/p>\n<p><a href='https:\/\/fotosdeelectricidad.es\/wp-content\/uploads\/2011\/05\/Subestaciones-II-2012-022.zip'>SUBESTACIONES II (2012 &#8211; 02)<\/a><\/p>\n<p><a href='https:\/\/fotosdeelectricidad.es\/wp-content\/uploads\/2011\/05\/Subestaciones-III-2012-111.zip'>SUBESTACIONES III (2012 &#8211; 11)<\/a><\/p>\n<p><a href='https:\/\/fotosdeelectricidad.es\/wp-content\/uploads\/2011\/05\/Subestaciones-IV-2012-112.zip'>SUBESTACIONES IV (2012 &#8211; 11)<\/a><\/p>\n<p><a href='https:\/\/fotosdeelectricidad.es\/wp-content\/uploads\/2011\/05\/Subestaciones-V-2012-093.zip'>SUBESTACIONES V (2012 &#8211; 09)<\/a><\/p>\n<p><a href='https:\/\/fotosdeelectricidad.es\/wp-content\/uploads\/2011\/05\/Subestaciones-VI-2013-091.zip'>SUBESTACIONES VI ( 2013 &#8211; 09)<\/a><\/p>\n<p><a href='https:\/\/fotosdeelectricidad.es\/wp-content\/uploads\/2011\/05\/Subestaciones-VII-2013-091.zip'>SUBESTACIONES VII ( 2013 &#8211; 09)<\/a><\/p>\n<p><a href='https:\/\/fotosdeelectricidad.es\/wp-content\/uploads\/2011\/05\/Subestaciones-VIII-2014-071.zip'>SUBESTACIONES VIII ( 2014 &#8211; 07)<\/a><\/p>\n<p><a href='https:\/\/fotosdeelectricidad.es\/wp-content\/uploads\/2011\/05\/Subestaciones-IX-2015-061.zip'>SUBESTACIONES IX ( 2015 &#8211; 06)<\/a><\/p>\n<p><a href='https:\/\/fotosdeelectricidad.es\/wp-content\/uploads\/2011\/05\/Subestaciones-X-2016-06-.zip'>SUBESTACIONES X ( 2016 &#8211; 06 )<\/a><\/p>\n<p><a href='https:\/\/fotosdeelectricidad.es\/wp-content\/uploads\/2011\/05\/Subestaciones-XI-2018-03.rar'>SUBESTACIONES XI (2018 &#8211; 03)<\/a><\/p>\n<p><a href=\"https:\/\/fotosdeelectricidad.es\/wp-content\/uploads\/2024\/03\/Subestaciones-XII-2024-04.zip\">SUBESTACIONES XII (2024 &#8211; 04)<\/a><\/p>\n<p><a href=\"https:\/\/fotosdeelectricidad.es\/wp-content\/uploads\/2025\/12\/Subestaciones-XIII-2026-01.pdf.zip\">SUBESTACIONES XIII (2026 &#8211; 01).pdf<\/a><\/p>\n<p><a href='https:\/\/fotosdeelectricidad.es\/wp-content\/uploads\/2011\/05\/Actuacion-avifauna-en-subestacion.zip'>ACTUACI\u00d3N AVIFAUNA EN SUBESTACI\u00d3N. WIGEVA<\/a><\/p>\n<hr\/>\n<h1>L\u00edneas de alta tensi\u00f3n<\/h1>\n<p><a href='https:\/\/fotosdeelectricidad.es\/wp-content\/uploads\/2011\/05\/Alta-tensi\u00f3n-I-2011-012.zip'>ALTA TENSI\u00d3N I (2011 &#8211; 01)<\/a><\/p>\n<p><a href='https:\/\/fotosdeelectricidad.es\/wp-content\/uploads\/2011\/05\/Alta-tensi\u00f3n-II-2012-111.zip'>ALTA TENSI\u00d3N II (2012 &#8211; 11)<\/a><\/p>\n<p><a href='https:\/\/fotosdeelectricidad.es\/wp-content\/uploads\/2011\/05\/Alta-tensi\u00f3n-III-2012-111.zip'>ALTA TENSI\u00d3N III (2012 &#8211; 11)<\/a><\/p>\n<p><a href='https:\/\/fotosdeelectricidad.es\/wp-content\/uploads\/2011\/05\/Alta-tensi\u00f3n-IV-2012-022.zip'>ALTA TENSI\u00d3N IV (2012 &#8211; 02)<\/a><\/p>\n<p><a href='https:\/\/fotosdeelectricidad.es\/wp-content\/uploads\/2011\/05\/Alta-tensi\u00f3n-V-2012-111.zip'>ALTA TENSI\u00d3N V (2012 &#8211; 11)<\/a><\/p>\n<p><a href='https:\/\/fotosdeelectricidad.es\/wp-content\/uploads\/2011\/05\/Alta-tensi\u00f3n-VI-2012-022.zip'>ALTA TENSI\u00d3N VI (2012 &#8211; 02)<\/a><\/p>\n<p><a href='https:\/\/fotosdeelectricidad.es\/wp-content\/uploads\/2011\/05\/Alta-tensi\u00f3n-VII-2012-055.zip'>ALTA TENSI\u00d3N VII (2012 &#8211; 05)<\/a><\/p>\n<p><a href=\"https:\/\/fotosdeelectricidad.es\/wp-content\/uploads\/2021\/12\/Alta-tension-VIII-2012-11.zip\">ALTA TENSI\u00d3N VIII (2012 &#8211; 11)<\/a><\/p>\n<p><a href=\"https:\/\/fotosdeelectricidad.es\/wp-content\/uploads\/2022\/04\/Alta-tension-IX-2012-11.zip\">ALTA TENSI\u00d3N IX (2012 &#8211; 11)<\/a><\/p>\n<p><a href='https:\/\/fotosdeelectricidad.es\/wp-content\/uploads\/2011\/05\/Alta-tensi\u00f3n-X-2013-09-1.zip'>ALTA TENSI\u00d3N X (2013 &#8211; 09 )<\/a><\/p>\n<p><a href='https:\/\/fotosdeelectricidad.es\/wp-content\/uploads\/2011\/05\/Alta-tensi\u00f3n-XI-2014-07-2.zip'>ALTA TENSI\u00d3N XI (2014 &#8211; 07 )<\/a><\/p>\n<p><a href=\"https:\/\/fotosdeelectricidad.es\/wp-content\/uploads\/2021\/12\/Alta-tension-XII-2015-06-.zip\">ALTA TENSI\u00d3N XII (2015 &#8211; 06 )<\/a><\/p>\n<p><a href='https:\/\/fotosdeelectricidad.es\/wp-content\/uploads\/2011\/05\/Alta-tensi\u00f3n-XIII-2015-10-.zip'>ALTA TENSI\u00d3N XIII (2015-10  )<\/a><\/p>\n<p><a href='https:\/\/fotosdeelectricidad.es\/wp-content\/uploads\/2011\/05\/Alta-tensi\u00f3n-XIV-2016-01-1.zip'>ALTA TENSI\u00d3N XIV (2016 &#8211; 01 )<\/a><\/p>\n<p><a href=\"https:\/\/fotosdeelectricidad.es\/wp-content\/uploads\/2022\/04\/Alta-tension-XV-2016-06-.zip\">ALTA TENSI\u00d3N XV (2016 &#8211; 06 )<\/a><\/p>\n<p><a href='https:\/\/fotosdeelectricidad.es\/wp-content\/uploads\/2011\/05\/Alta-tensi\u00f3n-XVI-2017-01-.rar'>ALTA TENSI\u00d3N XVI (2017 &#8211; 01 )<\/a><\/p>\n<p><a href='https:\/\/fotosdeelectricidad.es\/wp-content\/uploads\/2011\/05\/Alta-tensi\u00f3n-XVII-2017-081.rar'>ALTA TENSI\u00d3N XVII (2017 &#8211; 08)<\/a><\/p>\n<p><a href=\"https:\/\/fotosdeelectricidad.es\/wp-content\/uploads\/2022\/04\/Alta-tension-XVIII-2019-02.zip\">ALTA TENSI\u00d3N XVIII (2019 &#8211; 02)<\/a><\/p>\n<p><a href=\"https:\/\/fotosdeelectricidad.es\/wp-content\/uploads\/2022\/04\/Alta-tension-XIX-2022-04.zip\">ALTA TENSI\u00d3N XIX (2022-04)<\/a><\/p>\n<p><a href=\"https:\/\/fotosdeelectricidad.es\/wp-content\/uploads\/2024\/03\/Alta-tension-XX-2024-04.zip\">ALTA TENSI\u00d3N XX (2024 &#8211; 04)<\/a><\/p>\n<p><a href=\"https:\/\/fotosdeelectricidad.es\/wp-content\/uploads\/2026\/04\/Alta-tension-XXI-2026-05.ppt\">ALTA TENSI\u00d3N XXI (2026 &#8211; 05)<\/a><\/p>\n<h1>Centros de transformaci\u00f3n<\/h1>\n<p><a href='https:\/\/fotosdeelectricidad.es\/wp-content\/uploads\/2011\/05\/CT-I-2012-112.zip'>CT I (2012 &#8211; 11)<\/a><\/p>\n<p><a href='https:\/\/fotosdeelectricidad.es\/wp-content\/uploads\/2011\/05\/CT-II-2012-021.zip'>CT II (2012 &#8211; 02)<\/a><\/p>\n<p><a href='https:\/\/fotosdeelectricidad.es\/wp-content\/uploads\/2011\/05\/CT-III-2011-012.zip'>CT III (2011 &#8211; 01)<\/a><\/p>\n<p><a href='https:\/\/fotosdeelectricidad.es\/wp-content\/uploads\/2011\/05\/CT-IV-2012-052.zip'>CT IV (2012 &#8211; 05)<\/a><\/p>\n<p><a href='https:\/\/fotosdeelectricidad.es\/wp-content\/uploads\/2011\/05\/CT-V-2012-092.zip'>CT V (2012 &#8211; 09)<\/a><\/p>\n<p><a href='https:\/\/fotosdeelectricidad.es\/wp-content\/uploads\/2011\/05\/CT-VI-2013-022.zip'>CT VI (2013 &#8211; 02)<\/a><\/p>\n<p><a href='https:\/\/fotosdeelectricidad.es\/wp-content\/uploads\/2011\/05\/CT-VII-2015-10.zip'>CT VII (2015 &#8211; 10)<\/a><\/p>\n<p><a href='https:\/\/fotosdeelectricidad.es\/wp-content\/uploads\/2011\/05\/CT-VIII-2017-08.rar'>CT VIII (2017 &#8211; 08)<\/a><\/p>\n<p><a href=\"https:\/\/fotosdeelectricidad.es\/wp-content\/uploads\/2025\/03\/CT-IX-2025-05.zip\">CT IX (2025 &#8211; 05)<\/a><\/p>\n<p><a href='https:\/\/fotosdeelectricidad.es\/wp-content\/uploads\/2011\/05\/Envolvente-est\u00e9tica-para-CT-2010-021.zip'>ENVOLVENTE EST\u00c9TICA PARA CT (2010 &#8211; 02)<\/a><\/p>\n<h1> Transformadores<\/h1>\n<p><a href=\"https:\/\/fotosdeelectricidad.es\/wp-content\/uploads\/2022\/04\/Trafo-I-2011-09.zip\">TRAFO I (2011 &#8211; 09)<\/a><\/p>\n<p><a href=\"https:\/\/fotosdeelectricidad.es\/wp-content\/uploads\/2021\/12\/Trafo-II-2012-05-1.zip\">TRAFO II (2012 &#8211; 05)<\/a><\/p>\n<p><a href=\"https:\/\/fotosdeelectricidad.es\/wp-content\/uploads\/2022\/04\/Trafo-III-2012-11.zip\">TRAFO III (2012 &#8211; 11)<\/a><\/p>\n<p><a href=\"https:\/\/fotosdeelectricidad.es\/wp-content\/uploads\/2022\/04\/Trafo-IV-2012-11.zip\">TRAFO IV (2012 &#8211; 11)<\/a><\/p>\n<p><a href=\"https:\/\/fotosdeelectricidad.es\/wp-content\/uploads\/2022\/04\/Trafo-V-2012-11.zip\">TRAFO V (2012 &#8211; 11)<\/a><\/p>\n<p><a href=\"https:\/\/fotosdeelectricidad.es\/wp-content\/uploads\/2023\/08\/Trafo-VI-2014-02.zip\">TRAFO VI (2014 &#8211; 02)<\/a><\/p>\n<p><a href=\"https:\/\/fotosdeelectricidad.es\/wp-content\/uploads\/2023\/07\/Trafo-VII-2014-08.zip\">TRAFO VII (2014 &#8211; 08)<\/a><\/p>\n<p><a href=\"https:\/\/fotosdeelectricidad.es\/wp-content\/uploads\/2023\/07\/Trafo-VIII-2015-04.zip\">TRAFO VIII (2015 &#8211; 04)<\/a><\/p>\n<p><a href='https:\/\/fotosdeelectricidad.es\/wp-content\/uploads\/2011\/05\/Trafo-IX-2015-061.zip'>TRAFO IX (2015 &#8211; 06)<\/a><\/p>\n<p><a href=\"https:\/\/fotosdeelectricidad.es\/wp-content\/uploads\/2022\/04\/Trafo-X-2016-01.zip\">TRAFO X (2016 &#8211; 01)<\/a><\/p>\n<p><a href=\"https:\/\/fotosdeelectricidad.es\/wp-content\/uploads\/2022\/04\/Trafo-XI-2017-08.zip\">TRAFO XI (2017 &#8211; 08)<\/a><\/p>\n<p><a href=\"https:\/\/fotosdeelectricidad.es\/wp-content\/uploads\/2022\/02\/Trafo-XII-2019-08.zip\">TRAFO XII (2019 &#8211; 08)<\/a><\/p>\n<p><a href=\"https:\/\/fotosdeelectricidad.es\/wp-content\/uploads\/2022\/12\/Trafo-XIII-2023-01.zip\">TRAFO XIII (2023 &#8211; 01)<\/a><\/p>\n<p><a href=\"https:\/\/fotosdeelectricidad.es\/wp-content\/uploads\/2025\/12\/Trafo-XIV-2026-01.zip\">TRAFO XIV (2026 &#8211; 01)<\/a><\/p>\n","protected":false},"excerpt":{"rendered":"<p>Centrales el\u00e9ctricas CENTRALES EL\u00c9CTRICAS I (2013 &#8211; 02) CENTRALES EL\u00c9CTRICAS II (2013 &#8211; 02) CENTRALES EL\u00c9CTRICAS III (2014 &#8211; 07) CENTRALES EL\u00c9CTRICAS IV (2015 &#8211; 06) CENTRALES EL\u00c9CTRICAS V (2016 &#8211; 10) CENTRALES EL\u00c9CTRICAS VI (2022 &#8211; 04) CENTRALES EL\u00c9CTRICAS VII (2024 &#8211; 10) Subestaciones el\u00e9ctricas SUBESTACIONES I (2012 &#8211; 11) SUBESTACIONES II (2012 &#8211; [&hellip;]<\/p>\n","protected":false},"author":1,"featured_media":0,"parent":0,"menu_order":2,"comment_status":"closed","ping_status":"open","template":"","meta":{"footnotes":""},"class_list":["post-747","page","type-page","status-publish","hentry"],"_links":{"self":[{"href":"https:\/\/fotosdeelectricidad.es\/index.php?rest_route=\/wp\/v2\/pages\/747","targetHints":{"allow":["GET"]}}],"collection":[{"href":"https:\/\/fotosdeelectricidad.es\/index.php?rest_route=\/wp\/v2\/pages"}],"about":[{"href":"https:\/\/fotosdeelectricidad.es\/index.php?rest_route=\/wp\/v2\/types\/page"}],"author":[{"embeddable":true,"href":"https:\/\/fotosdeelectricidad.es\/index.php?rest_route=\/wp\/v2\/users\/1"}],"replies":[{"embeddable":true,"href":"https:\/\/fotosdeelectricidad.es\/index.php?rest_route=%2Fwp%2Fv2%2Fcomments&post=747"}],"version-history":[{"count":458,"href":"https:\/\/fotosdeelectricidad.es\/index.php?rest_route=\/wp\/v2\/pages\/747\/revisions"}],"predecessor-version":[{"id":5369,"href":"https:\/\/fotosdeelectricidad.es\/index.php?rest_route=\/wp\/v2\/pages\/747\/revisions\/5369"}],"wp:attachment":[{"href":"https:\/\/fotosdeelectricidad.es\/index.php?rest_route=%2Fwp%2Fv2%2Fmedia&parent=747"}],"curies":[{"name":"wp","href":"https:\/\/api.w.org\/{rel}","templated":true}]}}