{"id":807,"date":"2011-06-15T10:15:58","date_gmt":"2011-06-15T10:15:58","guid":{"rendered":"https:\/\/fotosdeelectricidad.es\/?page_id=807"},"modified":"2025-11-12T11:49:41","modified_gmt":"2025-11-12T11:49:41","slug":"instalaciones-electricas-generalidades","status":"publish","type":"page","link":"https:\/\/fotosdeelectricidad.es\/?page_id=807","title":{"rendered":"Instalaciones El\u00e9ctricas. Generalidades"},"content":{"rendered":"<hr\/>\n<p><a href=\"https:\/\/fotosdeelectricidad.es\/wp-content\/uploads\/2022\/01\/Verificaciones-y-ensayos-en-instalaciones-electricas-de-BT-2022-02.zip\">VERIFICACIONES Y ENSAYOS DE INSTALACIONES EL\u00c9CTRICAS DE BT (2022- 02)<\/a><\/p>\n<hr\/>\n<p>SEGURIDAD EL\u00c9CTRICA.<\/p>\n<p><a href='https:\/\/fotosdeelectricidad.es\/wp-content\/uploads\/2011\/06\/5-Reglas-de-Oro-2011-01.zip'>5 REGLAS DE ORO (2011 &#8211; 01)<\/a><\/p>\n<hr\/>\n<p>RED EL\u00c9CTRICA.<\/p>\n<p><a href=\"https:\/\/fotosdeelectricidad.es\/wp-content\/uploads\/2022\/02\/Red-electrica-2022-04.zip\">RED EL\u00c9CTRICA (2022 &#8211; 04)<\/a><\/p>\n<p>APARATOS EL\u00c9CTRICOS. <\/p>\n<p><a href='https:\/\/fotosdeelectricidad.es\/wp-content\/uploads\/2011\/06\/Aparatos-el\u00e9ctricos-I-2013-02.rar'>APARATOS EL\u00c9CTRICOS I (2013 &#8211; 02)<\/a><\/p>\n<p><a href='https:\/\/fotosdeelectricidad.es\/wp-content\/uploads\/2011\/06\/Aparatos-el\u00e9ctricos-II-2016-01.zip'>APARATOS EL\u00c9CTRICOS II (2016 &#8211; 01)<\/a><\/p>\n<p><a href=\"https:\/\/fotosdeelectricidad.es\/wp-content\/uploads\/2022\/12\/Aparatos-electricos-III-2023-01.zip\">APARATOS EL\u00c9CTRICOS III (2023-01)<\/a><\/p>\n<hr\/>\n<p>MUSEOS Y LABORATORIOS.<\/p>\n<p><a href='https:\/\/fotosdeelectricidad.es\/wp-content\/uploads\/2011\/06\/Museos-y-Laboratorios-I-2013-022.zip'>MUSEOS Y LABORATORIOS I (2013 &#8211; 02)<\/a><\/p>\n<p><a href=\"https:\/\/fotosdeelectricidad.es\/wp-content\/uploads\/2022\/06\/Museos-y-Laboratorios-II-2022-07.zip\">MUSEOS Y LABORATORIOS II (2022 &#8211; 07)<\/a><\/p>\n<p><a href='https:\/\/fotosdeelectricidad.es\/wp-content\/uploads\/2011\/06\/Museos-y-Laboratorios-III-2016-09.zip'>MUSEOS Y LABORATORIOS III (2016 &#8211; 09)<\/a><\/p>\n<p><a href=\"https:\/\/fotosdeelectricidad.es\/wp-content\/uploads\/2019\/09\/Museos-y-Laboratorios-IV-2018-12.zip\">MUSEOS Y LABORATORIOS IV (2018-12)<\/a><\/p>\n<p><a href=\"https:\/\/fotosdeelectricidad.es\/wp-content\/uploads\/2021\/12\/Museos-y-Laboratorios-V-2019-07.zip\">MUSEOS Y LABORATORIOS V (2019-07)<\/a><\/p>\n<p><a href=\"https:\/\/fotosdeelectricidad.es\/wp-content\/uploads\/2019\/09\/Museos-y-Laboratorios-VI-2019-10.zip\">MUSEOS Y LABORATORIOS VI (2019-10)<\/a><\/p>\n<p><a href=\"https:\/\/fotosdeelectricidad.es\/wp-content\/uploads\/2024\/03\/Museos-y-Laboratorios-VII-2024-04.zip\">MUSEOS Y LABORATORIOS VII (2024 &#8211; 04)<\/a><\/p>\n<p><a href=\"https:\/\/fotosdeelectricidad.es\/wp-content\/uploads\/2025\/02\/Museos-y-Laboratorios-VIII-2025-03.zip\">MUSEOS Y LABORATORIOS VIII (2025 &#8211; 03)<\/a><\/p>\n","protected":false},"excerpt":{"rendered":"<p>VERIFICACIONES Y ENSAYOS DE INSTALACIONES EL\u00c9CTRICAS DE BT (2022- 02) SEGURIDAD EL\u00c9CTRICA. 5 REGLAS DE ORO (2011 &#8211; 01) RED EL\u00c9CTRICA. RED EL\u00c9CTRICA (2022 &#8211; 04) APARATOS EL\u00c9CTRICOS. APARATOS EL\u00c9CTRICOS I (2013 &#8211; 02) APARATOS EL\u00c9CTRICOS II (2016 &#8211; 01) APARATOS EL\u00c9CTRICOS III (2023-01) MUSEOS Y LABORATORIOS. MUSEOS Y LABORATORIOS I (2013 &#8211; 02) MUSEOS [&hellip;]<\/p>\n","protected":false},"author":1,"featured_media":0,"parent":0,"menu_order":1,"comment_status":"closed","ping_status":"open","template":"","meta":{"footnotes":""},"class_list":["post-807","page","type-page","status-publish","hentry"],"_links":{"self":[{"href":"https:\/\/fotosdeelectricidad.es\/index.php?rest_route=\/wp\/v2\/pages\/807","targetHints":{"allow":["GET"]}}],"collection":[{"href":"https:\/\/fotosdeelectricidad.es\/index.php?rest_route=\/wp\/v2\/pages"}],"about":[{"href":"https:\/\/fotosdeelectricidad.es\/index.php?rest_route=\/wp\/v2\/types\/page"}],"author":[{"embeddable":true,"href":"https:\/\/fotosdeelectricidad.es\/index.php?rest_route=\/wp\/v2\/users\/1"}],"replies":[{"embeddable":true,"href":"https:\/\/fotosdeelectricidad.es\/index.php?rest_route=%2Fwp%2Fv2%2Fcomments&post=807"}],"version-history":[{"count":187,"href":"https:\/\/fotosdeelectricidad.es\/index.php?rest_route=\/wp\/v2\/pages\/807\/revisions"}],"predecessor-version":[{"id":4964,"href":"https:\/\/fotosdeelectricidad.es\/index.php?rest_route=\/wp\/v2\/pages\/807\/revisions\/4964"}],"wp:attachment":[{"href":"https:\/\/fotosdeelectricidad.es\/index.php?rest_route=%2Fwp%2Fv2%2Fmedia&parent=807"}],"curies":[{"name":"wp","href":"https:\/\/api.w.org\/{rel}","templated":true}]}}